{"id":6922,"date":"2023-11-19T10:39:22","date_gmt":"2023-11-19T10:39:22","guid":{"rendered":"https:\/\/demo.wpzoom.com\/inspiro-lite-blocks-xml\/?page_id=6922"},"modified":"2026-04-01T16:35:45","modified_gmt":"2026-04-01T15:35:45","slug":"homepage","status":"publish","type":"page","link":"https:\/\/jugendchor-speuz.ch\/","title":{"rendered":""},"content":{"rendered":"\n<div class=\"wp-block-cover alignfull\" style=\"min-height:100vh;aspect-ratio:unset;\"><img loading=\"lazy\" decoding=\"async\" width=\"1500\" height=\"998\" class=\"wp-block-cover__image-background wp-image-7267 size-full\" alt=\"\" src=\"https:\/\/jugendchor-speuz.ch\/wp-content\/uploads\/2026\/04\/DSC_1433.jpg\" data-object-fit=\"cover\" srcset=\"https:\/\/jugendchor-speuz.ch\/wp-content\/uploads\/2026\/04\/DSC_1433.jpg 1500w, https:\/\/jugendchor-speuz.ch\/wp-content\/uploads\/2026\/04\/DSC_1433-300x200.jpg 300w, https:\/\/jugendchor-speuz.ch\/wp-content\/uploads\/2026\/04\/DSC_1433-1024x681.jpg 1024w\" sizes=\"auto, (max-width: 1500px) 100vw, 1500px\" \/><span aria-hidden=\"true\" class=\"wp-block-cover__background has-background-dim wp-block-cover__gradient-background has-background-gradient\" style=\"background:linear-gradient(185deg,rgb(0,0,0) 0%,rgba(0,0,0,0.53) 100%)\"><\/span><div class=\"wp-block-cover__inner-container has-global-padding is-layout-constrained wp-block-cover-is-layout-constrained\">\n<h1 style=\"font-size: 4rem; color: white; text-align: center;\">\n  <strong>Willkommen beim Jugendchor Speuz!<\/strong>\n<\/h1>\n<\/div><\/div>\n\n\n\n<div style=\"padding-top:var(--wp--preset--spacing--small);padding-bottom:var(--wp--preset--spacing--small);height:36px\" aria-hidden=\"true\" class=\"wp-block-spacer\"><\/div>\n\n\n\n<p class=\"has-text-align-center\">Seit 2017 bringen wir als eigenst\u00e4ndiger Verein frischen Sound und junge Stimmen nach Erlinsbach und in die Region. Unser Chor besteht aus singbegeisterten Jugendlichen ab 12 Jahren, die meisten zwischen 16 und 25, die ihre Leidenschaft f\u00fcr Musik gemeinsam auf die B\u00fchne bringen. Mit viel Energie und Herzblut gestalten wir das kulturelle Leben und sorgen mit unseren Jahreskonzerten und Auftritten f\u00fcr besondere Momente, die in Erinnerung bleiben.<br>Auf unserer Webseite kannst du unsere Konzerte noch einmal erleben, aktuelle Neuigkeiten entdecken und einen Blick hinter die Kulissen werfen. Lerne uns kennen, sp\u00fcre die Begeisterung und erlebe, was den Jugendchor Speuz so einzigartig macht.<\/p>\n\n\n\n<div class=\"wp-block-group alignfull has-background-background-color has-background has-global-padding is-layout-constrained wp-block-group-is-layout-constrained\">\n<h1 class=\"wp-block-heading has-large-font-size\">N\u00e4chste Konzerte<\/h1>\n\n\n\n<div style=\"height:100px\" aria-hidden=\"true\" class=\"wp-block-spacer is-style-default\"><\/div>\n\n\n\n<div class=\"wp-block-columns is-layout-flex wp-container-core-columns-is-layout-28f84493 wp-block-columns-is-layout-flex\">\n<div class=\"wp-block-column is-layout-flow wp-block-column-is-layout-flow\">\n<figure class=\"wp-block-image size-large is-resized\"><img loading=\"lazy\" decoding=\"async\" width=\"1024\" height=\"576\" src=\"https:\/\/jugendchor-speuz.ch\/wp-content\/uploads\/2025\/10\/DSC02926-2-1024x576.jpg\" alt=\"\" class=\"wp-image-7163\" style=\"width:537px;height:auto\" srcset=\"https:\/\/jugendchor-speuz.ch\/wp-content\/uploads\/2025\/10\/DSC02926-2-1024x576.jpg 1024w, https:\/\/jugendchor-speuz.ch\/wp-content\/uploads\/2025\/10\/DSC02926-2-300x169.jpg 300w, https:\/\/jugendchor-speuz.ch\/wp-content\/uploads\/2025\/10\/DSC02926-2-2000x1125.jpg 2000w\" sizes=\"auto, (max-width: 1024px) 100vw, 1024px\" \/><\/figure>\n<\/div>\n\n\n\n<div class=\"wp-block-column is-layout-flow wp-block-column-is-layout-flow\">\n<h2 class=\"wp-block-heading\">Outdoor Gottesdienst der Ref. Kirche Erlinsbach<\/h2>\n\n\n\n<div class=\"wp-block-columns is-layout-flex wp-container-core-columns-is-layout-28f84493 wp-block-columns-is-layout-flex\">\n<div class=\"wp-block-column is-layout-flow wp-block-column-is-layout-flow\" style=\"flex-basis:33.33%\">\n<h3 class=\"wp-block-heading\">26.04.2026<\/h3>\n<\/div>\n\n\n\n<div class=\"wp-block-column is-layout-flow wp-block-column-is-layout-flow\" style=\"flex-basis:66.66%\">\n<p>Musikalische Umrahmung des <br>Outdoor Gottesdienstes der Reformierten Kirchengemeinden Erlinsbach<\/p>\n<\/div>\n<\/div>\n<\/div>\n<\/div>\n\n\n\n<div style=\"height:100px\" aria-hidden=\"true\" class=\"wp-block-spacer is-style-default\"><\/div>\n\n\n\n<div class=\"wp-block-columns is-layout-flex wp-container-core-columns-is-layout-28f84493 wp-block-columns-is-layout-flex\">\n<div class=\"wp-block-column is-layout-flow wp-block-column-is-layout-flow\">\n<h2 class=\"wp-block-heading\">Jugendfest 2026 Erlinsbach<\/h2>\n\n\n\n<div class=\"wp-block-columns is-layout-flex wp-container-core-columns-is-layout-28f84493 wp-block-columns-is-layout-flex\">\n<div class=\"wp-block-column is-layout-flow wp-block-column-is-layout-flow\" style=\"flex-basis:33.33%\">\n<h3 class=\"wp-block-heading\">12.06.2026 13.06.2025<\/h3>\n<\/div>\n\n\n\n<div class=\"wp-block-column is-layout-flow wp-block-column-is-layout-flow\" style=\"flex-basis:66.66%\">\n<p>Wir freuen uns Teil des Jugendfest 2026 in Erlinsbach zu sein. Neben einem Auftritt am Freitag Abend im Festzelt er\u00f6ffnen wir dieses Jahr die Jugendchor Speuz Karaoke Bar. Wir freuen uns euch begr\u00fcssen zu d\u00fcrfen. Beim Konzert und eurer Bestes zu h\u00f6ren bei der Karaoke BAR.<\/p>\n<\/div>\n<\/div>\n<\/div>\n\n\n\n<div class=\"wp-block-column is-layout-flow wp-block-column-is-layout-flow\">\n<figure class=\"wp-block-image size-full is-resized\"><img loading=\"lazy\" decoding=\"async\" width=\"1536\" height=\"1024\" src=\"https:\/\/jugendchor-speuz.ch\/wp-content\/uploads\/2026\/04\/BAR-LOGO-JCS.png\" alt=\"\" class=\"wp-image-7265\" style=\"width:522px;height:auto\" srcset=\"https:\/\/jugendchor-speuz.ch\/wp-content\/uploads\/2026\/04\/BAR-LOGO-JCS.png 1536w, https:\/\/jugendchor-speuz.ch\/wp-content\/uploads\/2026\/04\/BAR-LOGO-JCS-300x200.png 300w, https:\/\/jugendchor-speuz.ch\/wp-content\/uploads\/2026\/04\/BAR-LOGO-JCS-1024x683.png 1024w\" sizes=\"auto, (max-width: 1536px) 100vw, 1536px\" \/><\/figure>\n<\/div>\n<\/div>\n\n\n\n<div style=\"height:100px\" aria-hidden=\"true\" class=\"wp-block-spacer is-style-default\"><\/div>\n\n\n\n<div class=\"wp-block-columns is-layout-flex wp-container-core-columns-is-layout-28f84493 wp-block-columns-is-layout-flex\">\n<div class=\"wp-block-column is-layout-flow wp-block-column-is-layout-flow\">\n<figure class=\"wp-block-image size-full is-resized\"><img loading=\"lazy\" decoding=\"async\" width=\"1536\" height=\"1024\" src=\"https:\/\/jugendchor-speuz.ch\/wp-content\/uploads\/2026\/04\/JCS-Airlines-1.png\" alt=\"\" class=\"wp-image-7278\" style=\"width:522px;height:auto\" srcset=\"https:\/\/jugendchor-speuz.ch\/wp-content\/uploads\/2026\/04\/JCS-Airlines-1.png 1536w, https:\/\/jugendchor-speuz.ch\/wp-content\/uploads\/2026\/04\/JCS-Airlines-1-300x200.png 300w, https:\/\/jugendchor-speuz.ch\/wp-content\/uploads\/2026\/04\/JCS-Airlines-1-1024x683.png 1024w\" sizes=\"auto, (max-width: 1536px) 100vw, 1536px\" \/><\/figure>\n<\/div>\n\n\n\n<div class=\"wp-block-column is-layout-flow wp-block-column-is-layout-flow\">\n<h2 class=\"wp-block-heading\">Jahreskonzerte 2026 Weltreise<\/h2>\n\n\n\n<div class=\"wp-block-columns is-layout-flex wp-container-core-columns-is-layout-28f84493 wp-block-columns-is-layout-flex\">\n<div class=\"wp-block-column is-layout-flow wp-block-column-is-layout-flow\" style=\"flex-basis:33.33%\">\n<h3 class=\"wp-block-heading\"><strong>27.06.2026<\/strong><br><strong>28.06.2026<\/strong><\/h3>\n<\/div>\n\n\n\n<div class=\"wp-block-column is-layout-flow wp-block-column-is-layout-flow\" style=\"flex-basis:66.66%\">\n<p>Die JCS Airlines l\u00e4dt Sie zu Ihrer Weltreise ein. Reisen Sie mit uns einmal um die Musikalische Welt. Schnallen Sie sich an und wir freuen uns auf die gemeinsame Reise<\/p>\n<\/div>\n<\/div>\n<\/div>\n<\/div>\n<\/div>\n\n\n\n<div class=\"wp-block-group has-global-padding is-layout-constrained wp-block-group-is-layout-constrained\">\n<h2 class=\"wp-block-heading has-large-font-size\">Organisation<\/h2>\n\n\n\n<div class=\"wp-block-columns is-layout-flex wp-container-core-columns-is-layout-28f84493 wp-block-columns-is-layout-flex\">\n<div class=\"wp-block-column is-layout-flow wp-block-column-is-layout-flow\">\n<h3 class=\"wp-block-heading\">Adresse<\/h3>\n\n\n\n<p>Die Proben finden im Musikraum der Schulanlage Bl\u00e4uen an der&nbsp; Bl\u00e4uenstrasse 4 in 5018 Erlinsbach statt.<\/p>\n\n\n\n<iframe src=\"https:\/\/www.google.com\/maps\/embed?pb=!1m18!1m12!1m3!1d4508.419927365159!2d8.0097312763811!3d47.39571097117117!2m3!1f0!2f0!3f0!3m2!1i1024!2i768!4f13.1!3m3!1m2!1s0x47903a2d8fda5377%3A0xf32bcdccbaaaff81!2sSchulanlage%20Bl%C3%A4uen!5e1!3m2!1sde!2sch!4v1760629493342!5m2!1sde!2sch\" width=\"600\" height=\"450\" style=\"border:0;\" allowfullscreen=\"\" loading=\"lazy\" referrerpolicy=\"no-referrer-when-downgrade\"><\/iframe>\n\n\n\n<h3 class=\"wp-block-heading\">Probezeiten<\/h3>\n\n\n\n<p>W\u00e4hrend den Schulkalenderwochen der Kantone Aargau und Solothurn:&nbsp;&nbsp;&nbsp;&nbsp;&nbsp;&nbsp;&nbsp; <br>Dienstags von 19:00 \u2013 20:30 Uhr (mit Ank\u00fcndigung auch bis 21:00).<\/p>\n<\/div>\n<\/div>\n\n\n\n<div class=\"wp-block-columns is-layout-flex wp-container-core-columns-is-layout-28f84493 wp-block-columns-is-layout-flex\">\n<div class=\"wp-block-column is-layout-flow wp-block-column-is-layout-flow\">\n<h3 class=\"wp-block-heading\">Kosten<\/h3>\n\n\n\n<p>Es wird ein Jahresbeitrag von CHF 150.\u2013 pro Mitglied erhoben, der nach der Anmeldung in Rechnung gestellt wird. Die Unfallversicherung liegt in der Verantwortung der Teilnehmenden. Im laufenden Vereinsjahr k\u00f6nnen zus\u00e4tzliche Kosten f\u00fcr Probeweekends, Transport zu Auftritten usw. anfallen.<br>Bei einem Beitritt w\u00e4hrend des laufenden Jahres werden nur die verbleibenden Monate in Rechnung gestellt.<\/p>\n<\/div>\n\n\n\n<div class=\"wp-block-column is-layout-flow wp-block-column-is-layout-flow\">\n<h3 class=\"wp-block-heading\"><br><\/h3>\n<\/div>\n<\/div>\n<\/div>\n","protected":false},"excerpt":{"rendered":"<p>Seit 2017 bringen wir als eigenst\u00e4ndiger Verein frischen Sound und junge Stimmen nach Erlinsbach und in die Region. Unser Chor besteht aus singbegeisterten Jugendlichen ab 12 Jahren, die meisten zwischen 16 und 25, die ihre Leidenschaft f\u00fcr Musik gemeinsam auf die B\u00fchne bringen. Mit viel Energie und Herzblut gestalten wir das kulturelle Leben und sorgen &hellip; <\/p>\n<p class=\"link-more\"><a href=\"https:\/\/jugendchor-speuz.ch\/\" class=\"more-link\">Mehr <span class=\"screen-reader-text\">\u00fcber &#8222;&#8220; <\/span>Lesen<\/a><\/p>\n","protected":false},"author":1,"featured_media":0,"parent":0,"menu_order":0,"comment_status":"closed","ping_status":"closed","template":"page-templates\/full-width-transparent.php","meta":{"inspiro_hide_title":false,"footnotes":""},"class_list":["post-6922","page","type-page","status-publish","hentry"],"_links":{"self":[{"href":"https:\/\/jugendchor-speuz.ch\/index.php\/wp-json\/wp\/v2\/pages\/6922","targetHints":{"allow":["GET"]}}],"collection":[{"href":"https:\/\/jugendchor-speuz.ch\/index.php\/wp-json\/wp\/v2\/pages"}],"about":[{"href":"https:\/\/jugendchor-speuz.ch\/index.php\/wp-json\/wp\/v2\/types\/page"}],"author":[{"embeddable":true,"href":"https:\/\/jugendchor-speuz.ch\/index.php\/wp-json\/wp\/v2\/users\/1"}],"replies":[{"embeddable":true,"href":"https:\/\/jugendchor-speuz.ch\/index.php\/wp-json\/wp\/v2\/comments?post=6922"}],"version-history":[{"count":35,"href":"https:\/\/jugendchor-speuz.ch\/index.php\/wp-json\/wp\/v2\/pages\/6922\/revisions"}],"predecessor-version":[{"id":7279,"href":"https:\/\/jugendchor-speuz.ch\/index.php\/wp-json\/wp\/v2\/pages\/6922\/revisions\/7279"}],"wp:attachment":[{"href":"https:\/\/jugendchor-speuz.ch\/index.php\/wp-json\/wp\/v2\/media?parent=6922"}],"curies":[{"name":"wp","href":"https:\/\/api.w.org\/{rel}","templated":true}]}}