{"id":7078,"date":"2025-09-30T10:46:58","date_gmt":"2025-09-30T10:46:58","guid":{"rendered":"https:\/\/jugendchor-speuz.ch\/?page_id=7078"},"modified":"2026-04-01T16:04:56","modified_gmt":"2026-04-01T15:04:56","slug":"ueber-uns","status":"publish","type":"page","link":"https:\/\/jugendchor-speuz.ch\/index.php\/ueber-uns\/","title":{"rendered":"Das sind wir!"},"content":{"rendered":"\n<div id=\"news\" class=\"wp-block-group has-global-padding is-layout-constrained wp-block-group-is-layout-constrained\">\n<p class=\"has-text-align-left\">Im Jahr 2007 entstand unter der musikalischen Leitung der in D\u00e4nemark geborenen <a href=\"https:\/\/www.gittedeubelbeiss.ch\"><strong>Gitte Deubelbeiss<\/strong><\/a> ein neuer Jugendchor in der Gemeinde Erlinsbach.<\/p>\n\n\n\n<p>Mit viel Engagement und Begeisterung entwickelte sich der Chor in seinen ersten zehn Jahren unter dem Namen \u201e<strong>The Sound Breakers<\/strong>\u201c. In dieser Zeit wurde der Chor von der reformierten Kirchengemeinden Erlinsbach getragen, begleitet und gef\u00f6rdert.<\/p>\n\n\n\n<p><strong>Seit April 2017 ist der Jugendchor nun als eigenst\u00e4ndiger Verein<\/strong>, mit eigenem Vorstand und unter dem neuen Namen\u00a0<strong>JUGENDCHOR SPEUZ<\/strong>\u00a0aktiv und freut sich \u00fcber die Weiterentwicklung und neuen Perspektiven als\u00a0Verein\u00a0kulturell einen Beitrag in der Gemeinde und der Region beizusteuern.<\/p>\n\n\n\n<p>Bis ins Jahr 2024 hat Gitte Deubelbeiss den Jugendchor Speuz mit viel Herzblut geleitet und gepr\u00e4gt. Mir ihr zusammen durften die Ch\u00f6rlerinnen und Ch\u00f6rler an diversen, grossartigen Konzerten, Chorfestivals und weiteren Projekten mitmachen und viele neue und tolle Erfahrungen sammeln.<\/p>\n\n\n\n<p>Im darauffolgenden Jahr hat <strong>Marija Fuks-Ere\u0161<\/strong>, unsere jetzige Dirigentin, den circa 25 k\u00f6pfigen Jugendchor \u00fcbernommen und zeigt seither eine grosse Hingabe mit neuer musikalischen Energie f\u00fcr die Jugendlichen zwischen 12 und 25 Jahren.<\/p>\n\n\n\n<p>Im&nbsp;Jugendchor Speuz&nbsp;werden Songs verschiedener popul\u00e4rer Stilarten gesungen und mit Solo-Parts am Mikrofon bereichert. Chormitglieder aus Erlinsbach, der Region&nbsp;Aarau und Niederamt treffen sich jeweils am Dienstagabend um gemeinsam aktuelle Pop- &amp; Rocksongs zu singen.<br>Unter kompetenter Leitung wird jedes Jahr ein neues, aktuelles Repertoire erarbeitet&nbsp;und mit viel Schwung, Dynamik, Power, Choreos und sensationellen Stimmen an den Jahreskonzerten mit Live-Band vor Publikum pr\u00e4sentiert. J\u00e4hrlich werden auch Probesonntage und Probeweekends durchgef\u00fchrt, um am gemeinsamen Konzert-Repertoire zu arbeiten und eine b\u00fchnenreife Show zu erarbeiten.<\/p>\n\n\n\n<p class=\"has-text-align-left\">In den w\u00f6chentlichen Chor-Proben wird gezielt an der chorischen Mehrstimmigkeit, Atemtechnik, Stimmschulung und am Klang gearbeitet.<\/p>\n\n\n\n<div style=\"height:24px\" aria-hidden=\"true\" class=\"wp-block-spacer\"><\/div>\n<\/div>\n\n\n\n<div class=\"wp-block-group has-global-padding is-layout-constrained wp-block-group-is-layout-constrained\">\n<h2 class=\"wp-block-heading has-large-font-size\">Unsere Ch\u00f6rler*innen<\/h2>\n\n\n\n<div style=\"height:32px\" aria-hidden=\"true\" class=\"wp-block-spacer\"><\/div>\n\n\n\n<div style=\"height:0px\" aria-hidden=\"true\" class=\"wp-block-spacer\"><\/div>\n\n\n\n<div class=\"wp-block-columns is-layout-flex wp-container-core-columns-is-layout-28f84493 wp-block-columns-is-layout-flex\">\n<div class=\"wp-block-column is-style-default is-layout-flow wp-block-column-is-layout-flow\" style=\"border-style:none;border-width:0px;padding-top:0;padding-right:0;padding-bottom:0;padding-left:0\">\n<figure class=\"wp-block-image size-full\"><img loading=\"lazy\" decoding=\"async\" width=\"1500\" height=\"998\" src=\"https:\/\/jugendchor-speuz.ch\/wp-content\/uploads\/2026\/04\/DSC_1540.jpg\" alt=\"\" class=\"wp-image-7269\" srcset=\"https:\/\/jugendchor-speuz.ch\/wp-content\/uploads\/2026\/04\/DSC_1540.jpg 1500w, https:\/\/jugendchor-speuz.ch\/wp-content\/uploads\/2026\/04\/DSC_1540-300x200.jpg 300w, https:\/\/jugendchor-speuz.ch\/wp-content\/uploads\/2026\/04\/DSC_1540-1024x681.jpg 1024w\" sizes=\"auto, (max-width: 1500px) 100vw, 1500px\" \/><\/figure>\n\n\n\n<h2 class=\"wp-block-heading\">Sopran<\/h2>\n\n\n\n<p><\/p>\n<\/div>\n\n\n\n<div class=\"wp-block-column is-style-default is-layout-flow wp-block-column-is-layout-flow\" style=\"border-style:none;border-width:0px;padding-top:0;padding-right:0;padding-bottom:0;padding-left:0\">\n<figure class=\"wp-block-image size-full\"><img loading=\"lazy\" decoding=\"async\" width=\"1500\" height=\"998\" src=\"https:\/\/jugendchor-speuz.ch\/wp-content\/uploads\/2026\/04\/DSC_1571.jpg\" alt=\"\" class=\"wp-image-7270\" srcset=\"https:\/\/jugendchor-speuz.ch\/wp-content\/uploads\/2026\/04\/DSC_1571.jpg 1500w, https:\/\/jugendchor-speuz.ch\/wp-content\/uploads\/2026\/04\/DSC_1571-300x200.jpg 300w, https:\/\/jugendchor-speuz.ch\/wp-content\/uploads\/2026\/04\/DSC_1571-1024x681.jpg 1024w\" sizes=\"auto, (max-width: 1500px) 100vw, 1500px\" \/><\/figure>\n\n\n\n<h2 class=\"wp-block-heading\">Mezzo<\/h2>\n\n\n\n<p><\/p>\n<\/div>\n<\/div>\n\n\n\n<div class=\"wp-block-columns is-layout-flex wp-container-core-columns-is-layout-28f84493 wp-block-columns-is-layout-flex\">\n<div class=\"wp-block-column is-layout-flow wp-block-column-is-layout-flow\">\n<figure class=\"wp-block-image size-large\"><img loading=\"lazy\" decoding=\"async\" width=\"1024\" height=\"681\" src=\"https:\/\/jugendchor-speuz.ch\/wp-content\/uploads\/2026\/04\/DSC_1581-1024x681.jpg\" alt=\"\" class=\"wp-image-7271\" srcset=\"https:\/\/jugendchor-speuz.ch\/wp-content\/uploads\/2026\/04\/DSC_1581-1024x681.jpg 1024w, https:\/\/jugendchor-speuz.ch\/wp-content\/uploads\/2026\/04\/DSC_1581-300x200.jpg 300w, https:\/\/jugendchor-speuz.ch\/wp-content\/uploads\/2026\/04\/DSC_1581.jpg 1500w\" sizes=\"auto, (max-width: 1024px) 100vw, 1024px\" \/><\/figure>\n\n\n\n<h2 class=\"wp-block-heading\">Alt<\/h2>\n<\/div>\n\n\n\n<div class=\"wp-block-column is-layout-flow wp-block-column-is-layout-flow\">\n<figure class=\"wp-block-image size-large\"><img loading=\"lazy\" decoding=\"async\" width=\"1024\" height=\"681\" src=\"https:\/\/jugendchor-speuz.ch\/wp-content\/uploads\/2026\/04\/DSC_1614-1024x681.jpg\" alt=\"\" class=\"wp-image-7272\" srcset=\"https:\/\/jugendchor-speuz.ch\/wp-content\/uploads\/2026\/04\/DSC_1614-1024x681.jpg 1024w, https:\/\/jugendchor-speuz.ch\/wp-content\/uploads\/2026\/04\/DSC_1614-300x200.jpg 300w, https:\/\/jugendchor-speuz.ch\/wp-content\/uploads\/2026\/04\/DSC_1614.jpg 1500w\" sizes=\"auto, (max-width: 1024px) 100vw, 1024px\" \/><\/figure>\n\n\n\n<h2 class=\"wp-block-heading\">Tenor &amp; Bass<\/h2>\n<\/div>\n<\/div>\n<\/div>\n\n\n\n<div class=\"wp-block-group alignfull has-global-padding is-layout-constrained wp-block-group-is-layout-constrained\">\n<div class=\"wp-block-group has-global-padding is-layout-constrained wp-block-group-is-layout-constrained\" style=\"padding-top:var(--wp--preset--spacing--small);padding-bottom:var(--wp--preset--spacing--small)\">\n<div style=\"height:30px\" aria-hidden=\"true\" class=\"wp-block-spacer\"><\/div>\n\n\n\n<div class=\"wp-block-columns is-layout-flex wp-container-core-columns-is-layout-c375d253 wp-block-columns-is-layout-flex\">\n<div class=\"wp-block-column is-vertically-aligned-center is-layout-flow wp-block-column-is-layout-flow\">\n<h2 class=\"wp-block-heading has-large-font-size\">Unsere Dirigentin<\/h2>\n\n\n\n<p>Marija Fuks-Ere\u0161 ist verheiratet und hat zwei Kinder.<br>Als sie selbst noch ein kleines Kind war, befasste sie sich schon mit der Musik, indem sie in Kinderch\u00f6ren mitsang und sich sp\u00e4ter f\u00fcr die Fl\u00f6te, Klavier und Solo-Gesang begeisterte. Sie absolvierte die Grundschule f\u00fcr Musik, die Mittelschule f\u00fcr Musik und schrieb sich an der Musikakademie in Serbien ein. Bisher nahm sie an verschiedenen Meisterkursen, Musikwettbewerben und Festivals teil und durfte dabei etliche Preise nach Hause nehmen. Seit 2019 studiert sie nun Gesang im Profil &#8222;Klassik&#8220; an der Z\u00fcrcher Hochschule der K\u00fcnste.<\/p>\n\n\n\n<p><br>Heute bezaubert Marija mit einer grossen musikalischen Spannbreite. Sie hat bereits in verschiedenen Pop- und Rock-Bands, Orchestern und Ch\u00f6ren als Solistin mitgewirkt. Auch als Gesangslehrerin f\u00fcr traditionelle Gesangs-Ensembles, sowie Einzelgesangsunterricht f\u00fcr Kinder und Erwachsene war sie bereits t\u00e4tig. Seit 2017 wohnt sie in der Schweiz, hatte bereits verschiedene Auftritte als Solistin und Dirigentin an Musikprojekten, hat geistliche Ch\u00f6re geleitet und auch schon Stellvertretungen als Gesangslehrerin an der Alten Kantonsschule und&nbsp;dem OSA in Aarau&nbsp;gemacht.<br>Seit Anfang 2025 ist sie nun die neue Dirigentin des Jugendchor Speuz.<\/p>\n<\/div>\n\n\n\n<div class=\"wp-block-column is-layout-flow wp-block-column-is-layout-flow\">\n<figure class=\"wp-block-image size-large\"><img loading=\"lazy\" decoding=\"async\" width=\"943\" height=\"707\" src=\"https:\/\/jugendchor-speuz.ch\/wp-content\/uploads\/2025\/09\/WhatsApp-Image-2025-09-26-at-09.38.52-edited.jpeg\" alt=\"\" class=\"wp-image-6976\" srcset=\"https:\/\/jugendchor-speuz.ch\/wp-content\/uploads\/2025\/09\/WhatsApp-Image-2025-09-26-at-09.38.52-edited.jpeg 943w, https:\/\/jugendchor-speuz.ch\/wp-content\/uploads\/2025\/09\/WhatsApp-Image-2025-09-26-at-09.38.52-edited-300x225.jpeg 300w\" sizes=\"auto, (max-width: 943px) 100vw, 943px\" \/><\/figure>\n<\/div>\n<\/div>\n\n\n\n<div style=\"height:30px\" aria-hidden=\"true\" class=\"wp-block-spacer\"><\/div>\n<\/div>\n<\/div>\n\n\n\n<div class=\"wp-block-group alignfull has-background-background-color has-background has-global-padding is-layout-constrained wp-block-group-is-layout-constrained\">\n<div class=\"wp-block-group has-global-padding is-layout-constrained wp-block-group-is-layout-constrained\" style=\"padding-top:var(--wp--preset--spacing--small);padding-bottom:var(--wp--preset--spacing--small)\">\n<div style=\"height:30px\" aria-hidden=\"true\" class=\"wp-block-spacer\"><\/div>\n\n\n\n<div class=\"wp-block-columns are-vertically-aligned-center is-layout-flex wp-container-core-columns-is-layout-c375d253 wp-block-columns-is-layout-flex\">\n<div class=\"wp-block-column is-vertically-aligned-center is-layout-flow wp-block-column-is-layout-flow\">\n<figure class=\"wp-block-image size-large\"><img loading=\"lazy\" decoding=\"async\" width=\"1024\" height=\"681\" src=\"https:\/\/jugendchor-speuz.ch\/wp-content\/uploads\/2026\/04\/DSC_1639-1024x681.jpg\" alt=\"\" class=\"wp-image-7273\" srcset=\"https:\/\/jugendchor-speuz.ch\/wp-content\/uploads\/2026\/04\/DSC_1639-1024x681.jpg 1024w, https:\/\/jugendchor-speuz.ch\/wp-content\/uploads\/2026\/04\/DSC_1639-300x200.jpg 300w, https:\/\/jugendchor-speuz.ch\/wp-content\/uploads\/2026\/04\/DSC_1639.jpg 1500w\" sizes=\"auto, (max-width: 1024px) 100vw, 1024px\" \/><\/figure>\n<\/div>\n\n\n\n<div class=\"wp-block-column is-vertically-aligned-center is-layout-flow wp-block-column-is-layout-flow\">\n<h2 class=\"wp-block-heading has-large-font-size\">Unser Vorstand<\/h2>\n\n\n\n<figure class=\"wp-block-table is-style-stripes\"><table class=\"has-fixed-layout\"><tbody><tr><td><strong>Pr\u00e4sident<\/strong><\/td><td>Nico Leuenberger<\/td><\/tr><tr><td><strong>Vizepr\u00e4sidentin<\/strong><\/td><td>Natalie Buser<\/td><\/tr><tr><td><strong>Aktuarin<\/strong><\/td><td>Elisha May Peier<\/td><\/tr><tr><td><strong>Sponsorenverantwortung<\/strong><\/td><td>Angelina Rutschi \/ Sarah Kull<\/td><\/tr><tr><td><strong>Kassier<\/strong><\/td><td>Marco Scozzafava<\/td><\/tr><tr><td><strong>PR, Medien<\/strong><\/td><td>Natalie Buser<\/td><\/tr><tr><td><strong>Kommunikation<\/strong><\/td><td>Nico Leuenberger \/ Natalie Buser<\/td><\/tr><tr><td><strong>Dirigentin<\/strong><\/td><td>Marija Fuks-Ere\u0161<\/td><\/tr><\/tbody><\/table><\/figure>\n<\/div>\n<\/div>\n<\/div>\n\n\n\n<p class=\"has-text-align-center\">Der Vorstand des Jugendchor Speuz schaut, dass bei uns alles rund l\u00e4uft. Er organisiert Proben, Auftritte und Anl\u00e4sse, k\u00fcmmert sich um Finanzen und fungiert als Ansprechperson f\u00fcr Mitglieder, Eltern oder Partnervereine. Zudem sorgt er daf\u00fcr, dass die Stimmung passt, neue Mitglieder dazukommen und wir gemeinsam coole Projekte auf die Beine stellen k\u00f6nnen.<\/p>\n<\/div>\n\n\n\n<div class=\"wp-block-group has-global-padding is-layout-constrained wp-block-group-is-layout-constrained\">\n<div class=\"wp-block-group is-layout-flow wp-block-group-is-layout-flow\">\n<div class=\"wp-block-group has-global-padding is-layout-constrained wp-block-group-is-layout-constrained\"><\/div>\n\n\n\n<div style=\"height:64px\" aria-hidden=\"true\" class=\"wp-block-spacer\"><\/div>\n<\/div>\n<\/div>\n\n\n\n<p><\/p>\n","protected":false},"excerpt":{"rendered":"<p>Im Jahr 2007 entstand unter der musikalischen Leitung der in D\u00e4nemark geborenen Gitte Deubelbeiss ein neuer Jugendchor in der Gemeinde Erlinsbach. Mit viel Engagement und Begeisterung entwickelte sich der Chor in seinen ersten zehn Jahren unter dem Namen \u201eThe Sound Breakers\u201c. In dieser Zeit wurde der Chor von der reformierten Kirchengemeinden Erlinsbach getragen, begleitet und &hellip; <\/p>\n<p class=\"link-more\"><a href=\"https:\/\/jugendchor-speuz.ch\/index.php\/ueber-uns\/\" class=\"more-link\">Mehr <span class=\"screen-reader-text\">\u00fcber &#8222;Das sind wir!&#8220; <\/span>Lesen<\/a><\/p>\n","protected":false},"author":1,"featured_media":0,"parent":0,"menu_order":0,"comment_status":"closed","ping_status":"closed","template":"","meta":{"inspiro_hide_title":false,"footnotes":""},"class_list":["post-7078","page","type-page","status-publish","hentry"],"_links":{"self":[{"href":"https:\/\/jugendchor-speuz.ch\/index.php\/wp-json\/wp\/v2\/pages\/7078","targetHints":{"allow":["GET"]}}],"collection":[{"href":"https:\/\/jugendchor-speuz.ch\/index.php\/wp-json\/wp\/v2\/pages"}],"about":[{"href":"https:\/\/jugendchor-speuz.ch\/index.php\/wp-json\/wp\/v2\/types\/page"}],"author":[{"embeddable":true,"href":"https:\/\/jugendchor-speuz.ch\/index.php\/wp-json\/wp\/v2\/users\/1"}],"replies":[{"embeddable":true,"href":"https:\/\/jugendchor-speuz.ch\/index.php\/wp-json\/wp\/v2\/comments?post=7078"}],"version-history":[{"count":11,"href":"https:\/\/jugendchor-speuz.ch\/index.php\/wp-json\/wp\/v2\/pages\/7078\/revisions"}],"predecessor-version":[{"id":7277,"href":"https:\/\/jugendchor-speuz.ch\/index.php\/wp-json\/wp\/v2\/pages\/7078\/revisions\/7277"}],"wp:attachment":[{"href":"https:\/\/jugendchor-speuz.ch\/index.php\/wp-json\/wp\/v2\/media?parent=7078"}],"curies":[{"name":"wp","href":"https:\/\/api.w.org\/{rel}","templated":true}]}}