{"id":7225,"date":"2026-02-20T18:58:34","date_gmt":"2026-02-20T17:58:34","guid":{"rendered":"https:\/\/jugendchor-speuz.ch\/?page_id=7225"},"modified":"2026-03-15T23:00:37","modified_gmt":"2026-03-15T22:00:37","slug":"the-jugendchor-speuz-chorband","status":"publish","type":"page","link":"https:\/\/jugendchor-speuz.ch\/index.php\/the-jugendchor-speuz-chorband\/","title":{"rendered":"Der Jugendchor Speuz sucht dich f\u00fcr unsere Chorband!"},"content":{"rendered":"\n<p>Du spielst ein Instrument und hast Lust den Jugendchor Speuz musikalisch in einer Band zu begleiten? Dann lies unten weiter.<\/p>\n\n\n\n<h2 class=\"wp-block-heading\">Was ist die Chorband?<\/h2>\n\n\n\n<p><br>Der Jugendchor Speuz ist schon seit einigen Jahren ein Safe-Space f\u00fcr Jugendliche, welche gerne zusammen singen und musizieren.<br>Nun m\u00f6chten wir auch Jugendlichen, welche ein Instrument mit einer musikalischen Leidenschaft spielen, die Chance geben, diese mit anderen Gleichaltrigen auszuleben.<\/p>\n\n\n\n<p>Die Chorband soll aus mehreren Musikinteressierten und ihren Instrumenten bestehen. Zusammen w\u00fcrde die Band den schon bestehenden Jugendchor bei ihren allj\u00e4hrlichen Konzerten (Jahreskonzerte, Weihnachtskonzerte) und weiteren Auftritten begleiten. Auch bei den j\u00e4hrlichen Chorweekends und Probetagen soll die Band dabei sein.<\/p>\n\n\n\n<h2 class=\"wp-block-heading\">Was sind unsere Anforderungen an die Chorband?<\/h2>\n\n\n\n<ul class=\"wp-block-list\">\n<li>Du spielst ein Instrument und hast Lust dieses in einer Band zu spielen<\/li>\n\n\n\n<li>Du kannst Musiknoten lesen oder verf\u00fcgst \u00fcber ein ausgepr\u00e4gtes musikalisches Verst\u00e4ndnis<\/li>\n\n\n\n<li>Du bist sicher im Spielen deines Instrumentes<\/li>\n\n\n\n<li>Du bist zuverl\u00e4ssig und kommst regelm\u00e4ssig zu den Proben<\/li>\n\n\n\n<li>Du bist bereit auch neben den regelm\u00e4ssigen Proben Lieder und Arrangements zu \u00fcben<\/li>\n<\/ul>\n\n\n\n<h2 class=\"wp-block-heading\">Wie wirst du ein Mitglied der Chorband?<\/h2>\n\n\n\n<p>Zuerst soll das untenstehende Formular wahrheitsgetreu ausgef\u00fcllt werden. Darauffolgend wird dir eine best\u00e4tigungs E-Mail gesendet. In den darauffolgenden Tagen werden wir mit dir in Kontakt treten. Wir bitten dich ein Video bereitzuhalten, in welchem du ein Lied deiner Wahl auf deinem Instrument spielst. Weiter werden wir mit dir ein Datum abmachen, an welchem wir ein kleines Casting mit dir durchf\u00fchren werden.<\/p>\n\n\n<noscript class=\"ninja-forms-noscript-message\">\n\tHinweis: F\u00fcr diesen Inhalt ist JavaScript erforderlich.<\/noscript>\n<div id=\"nf-form-16-cont\" class=\"nf-form-cont\" aria-live=\"polite\" aria-labelledby=\"nf-form-title-16\" aria-describedby=\"nf-form-errors-16\" role=\"form\">\n\n    <div class=\"nf-loading-spinner\"><\/div>\n\n<\/div>\n        <!-- That data is being printed as a workaround to page builders reordering the order of the scripts loaded-->\n        <script>var formDisplay=1;var nfForms=nfForms||[];var form=[];form.id='16';form.settings={\"objectType\":\"Form Setting\",\"editActive\":true,\"title\":\"Bewerbung als Chorbandmitglied\",\"show_title\":1,\"allow_public_link\":0,\"embed_form\":\"\",\"clear_complete\":1,\"hide_complete\":1,\"default_label_pos\":\"above\",\"wrapper_class\":\"\",\"element_class\":\"\",\"form_title_heading_level\":\"3\",\"key\":\"\",\"add_submit\":0,\"changeEmailErrorMsg\":\"Bitte gib eine g\\u00fcltige E-Mail-Adresse ein.\",\"changeDateErrorMsg\":\"Bitte gib ein g\\u00fcltiges Datum ein!\",\"confirmFieldErrorMsg\":\"Diese Felder m\\u00fcssen \\u00fcbereinstimmen!\",\"fieldNumberNumMinError\":\"Die eingegebene Zahl ist zu klein.\",\"fieldNumberNumMaxError\":\"Die eingegebene Zahl ist zu gross.\",\"fieldNumberIncrementBy\":\"Bitte erh\\u00f6hen in Schritten von\",\"formErrorsCorrectErrors\":\"Bitte korrigiere die Fehler, bevor du das Formular sendest.\",\"validateRequiredField\":\"Dies ist ein Pflichtfeld.\",\"honeypotHoneypotError\":\"Honeypot-Fehler\",\"fieldsMarkedRequired\":\"Felder mit einem <span class=\\\"ninja-forms-req-symbol\\\">*<\\\/span> sind Pflichtfelder\",\"currency\":\"\",\"unique_field_error\":\"Ein Formular mit diesem Wert wurde bereits eingereicht.\",\"logged_in\":false,\"not_logged_in_msg\":\"\",\"sub_limit_msg\":\"Das Formular hat sein Beitragslimit erreicht.\",\"calculations\":[],\"formContentData\":[\"firstname_1771609692246\",\"lastname_1771609693152\",\"geburtsdatum_1771609713831\",\"email_1771609700261\",\"phone_1771609702291\",\"instrument_1771609726321\",\"warst_du_schon_mal_in_einer_band_ensemble_1771609748430\",\"wie_viele_jahre_spielst_du_dein_instrument_schon_1771609773266\",\"gehst_du_aktuell_in_die_musikschule_wenn_ja_wo_1771609797607\",\"submit_1771609809901\"],\"objectDomain\":\"display\",\"drawerDisabled\":false,\"ninjaForms\":\"Ninja Forms\",\"fieldTextareaRTEInsertLink\":\"Link einf\\u00fcgen\",\"fieldTextareaRTEInsertMedia\":\"Medien einf\\u00fcgen\",\"fieldTextareaRTESelectAFile\":\"Eine Datei ausw\\u00e4hlen\",\"formHoneypot\":\"Falls du ein Mensch bist und dieses Feld siehst, dann lasse es bitte leer.\",\"fileUploadOldCodeFileUploadInProgress\":\"Datei-Upload l\\u00e4uft.\",\"fileUploadOldCodeFileUpload\":\"DATEI-UPLOAD\",\"currencySymbol\":\"&#67;&#72;&#70;\",\"thousands_sep\":\".\",\"decimal_point\":\",\",\"siteLocale\":\"de_DE\",\"dateFormat\":\"d\\\/m\\\/Y\",\"startOfWeek\":\"1\",\"of\":\"von\",\"previousMonth\":\"Vorheriger Monat\",\"nextMonth\":\"N\\u00e4chster Monat\",\"months\":[\"Januar\",\"Februar\",\"M\\u00e4rz\",\"April\",\"Mai\",\"Juni\",\"Juli\",\"August\",\"September\",\"Oktober\",\"November\",\"Dezember\"],\"monthsShort\":[\"Jan.\",\"Feb.\",\"M\\u00e4rz\",\"Apr.\",\"Mai\",\"Juni\",\"Juli\",\"Aug\",\"Sep.\",\"Okt.\",\"Nov.\",\"Dez.\"],\"weekdays\":[\"Sonntag\",\"Montag\",\"Dienstag\",\"Mittwoch\",\"Donnerstag\",\"Freitag\",\"Samstag\"],\"weekdaysShort\":[\"So.\",\"Mo.\",\"Di.\",\"Mi.\",\"Do.\",\"Fr.\",\"Sa.\"],\"weekdaysMin\":[\"So.\",\"Mo.\",\"Di.\",\"Mi.\",\"Do.\",\"Fr.\",\"Sa.\"],\"recaptchaConsentMissing\":\"reCaptcha validation couldn&#039;t load.\",\"recaptchaMissingCookie\":\"reCaptcha v3 validation couldn&#039;t load the cookie needed to submit the form.\",\"recaptchaConsentEvent\":\"Accept reCaptcha cookies before sending the form.\",\"currency_symbol\":\"\",\"beforeForm\":\"\",\"beforeFields\":\"\",\"afterFields\":\"\",\"afterForm\":\"\"};form.fields=[{\"objectType\":\"Field\",\"objectDomain\":\"fields\",\"editActive\":false,\"order\":1,\"idAttribute\":\"id\",\"type\":\"firstname\",\"label\":\"Vorname\",\"key\":\"firstname_1771609692246\",\"label_pos\":\"above\",\"required\":1,\"default\":\"\",\"placeholder\":\"\",\"container_class\":\"\",\"element_class\":\"\",\"admin_label\":\"\",\"help_text\":\"\",\"custom_name_attribute\":\"fname\",\"personally_identifiable\":1,\"value\":\"\",\"id\":142,\"beforeField\":\"\",\"afterField\":\"\",\"parentType\":\"firstname\",\"element_templates\":[\"firstname\",\"input\"],\"old_classname\":\"\",\"wrap_template\":\"wrap\"},{\"objectType\":\"Field\",\"objectDomain\":\"fields\",\"editActive\":false,\"order\":2,\"idAttribute\":\"id\",\"type\":\"lastname\",\"label\":\"Nachname\",\"key\":\"lastname_1771609693152\",\"label_pos\":\"above\",\"required\":false,\"default\":\"\",\"placeholder\":\"\",\"container_class\":\"\",\"element_class\":\"\",\"admin_label\":\"\",\"help_text\":\"\",\"custom_name_attribute\":\"lname\",\"personally_identifiable\":1,\"value\":\"\",\"id\":143,\"beforeField\":\"\",\"afterField\":\"\",\"parentType\":\"lastname\",\"element_templates\":[\"lastname\",\"input\"],\"old_classname\":\"\",\"wrap_template\":\"wrap\"},{\"objectType\":\"Field\",\"objectDomain\":\"fields\",\"editActive\":false,\"order\":3,\"idAttribute\":\"id\",\"label\":\"Geburtsdatum\",\"type\":\"date\",\"key\":\"geburtsdatum_1771609713831\",\"label_pos\":\"above\",\"required\":false,\"placeholder\":\"\",\"container_class\":\"\",\"element_class\":\"\",\"manual_key\":false,\"admin_label\":\"\",\"help_text\":\"\",\"date_mode\":\"date_only\",\"date_default\":1,\"date_format\":\"default\",\"year_range_start\":\"\",\"year_range_end\":\"\",\"hours_24\":0,\"minute_increment\":5,\"value\":\"\",\"drawerDisabled\":false,\"id\":144,\"beforeField\":\"\",\"afterField\":\"\",\"parentType\":\"date\",\"element_templates\":[\"date\",\"textbox\",\"input\"],\"old_classname\":\"\",\"wrap_template\":\"wrap\"},{\"objectType\":\"Field\",\"objectDomain\":\"fields\",\"editActive\":false,\"order\":4,\"idAttribute\":\"id\",\"label\":\"E-Mail\",\"type\":\"email\",\"key\":\"email_1771609700261\",\"label_pos\":\"above\",\"required\":1,\"default\":\"\",\"placeholder\":\"\",\"container_class\":\"\",\"element_class\":\"\",\"admin_label\":\"\",\"help_text\":\"\",\"custom_name_attribute\":\"email\",\"personally_identifiable\":1,\"value\":\"\",\"id\":145,\"beforeField\":\"\",\"afterField\":\"\",\"parentType\":\"email\",\"element_templates\":[\"email\",\"input\"],\"old_classname\":\"\",\"wrap_template\":\"wrap\"},{\"objectType\":\"Field\",\"objectDomain\":\"fields\",\"editActive\":false,\"order\":5,\"idAttribute\":\"id\",\"label\":\"\\ufeffTelefon\",\"type\":\"phone\",\"key\":\"phone_1771609702291\",\"label_pos\":\"above\",\"required\":false,\"default\":\"\",\"placeholder\":\"\",\"container_class\":\"\",\"element_class\":\"\",\"input_limit\":\"\",\"input_limit_type\":\"characters\",\"input_limit_msg\":\"verbleibende(s) Zeichen\",\"manual_key\":false,\"admin_label\":\"\",\"help_text\":\"\",\"mask\":\"\",\"custom_mask\":\"\",\"custom_name_attribute\":\"phone\",\"personally_identifiable\":1,\"value\":\"\",\"id\":146,\"beforeField\":\"\",\"afterField\":\"\",\"parentType\":\"textbox\",\"element_templates\":[\"tel\",\"textbox\",\"input\"],\"old_classname\":\"\",\"wrap_template\":\"wrap\"},{\"objectType\":\"Field\",\"objectDomain\":\"fields\",\"editActive\":false,\"order\":6,\"idAttribute\":\"id\",\"label\":\"Instrument\",\"type\":\"textbox\",\"key\":\"instrument_1771609726321\",\"label_pos\":\"above\",\"required\":1,\"default\":\"\",\"placeholder\":\"\",\"container_class\":\"\",\"element_class\":\"\",\"input_limit\":\"\",\"input_limit_type\":\"characters\",\"input_limit_msg\":\"verbleibende(s) Zeichen\",\"manual_key\":false,\"admin_label\":\"\",\"help_text\":\"\",\"mask\":\"\",\"custom_mask\":\"\",\"custom_name_attribute\":\"\",\"personally_identifiable\":\"\",\"custom_autocomplete\":\"\",\"value\":\"\",\"drawerDisabled\":false,\"id\":147,\"beforeField\":\"\",\"afterField\":\"\",\"parentType\":\"textbox\",\"element_templates\":[\"textbox\",\"input\"],\"old_classname\":\"\",\"wrap_template\":\"wrap\"},{\"objectType\":\"Field\",\"objectDomain\":\"fields\",\"editActive\":false,\"order\":7,\"idAttribute\":\"id\",\"label\":\"Warst du schon mal in einer Band \\\/ Ensemble?\",\"type\":\"checkbox\",\"key\":\"warst_du_schon_mal_in_einer_band_ensemble_1771609748430\",\"label_pos\":\"right\",\"required\":false,\"container_class\":\"\",\"element_class\":\"\",\"manual_key\":false,\"admin_label\":\"\",\"help_text\":\"\",\"default_value\":\"unchecked\",\"checked_value\":\"War schon mal in einer Band \\\/ Ensemble\",\"unchecked_value\":\"War noch nicht in einer Band \\\/ Ensemble\",\"checked_calc_value\":\"\",\"unchecked_calc_value\":\"\",\"drawerDisabled\":false,\"id\":148,\"beforeField\":\"\",\"afterField\":\"\",\"value\":\"\",\"parentType\":\"checkbox\",\"element_templates\":[\"checkbox\",\"input\"],\"old_classname\":\"\",\"wrap_template\":\"wrap\"},{\"objectType\":\"Field\",\"objectDomain\":\"fields\",\"editActive\":false,\"order\":8,\"idAttribute\":\"id\",\"label\":\"Wie viele Jahre spielst du dein Instrument schon?\",\"type\":\"textbox\",\"key\":\"wie_viele_jahre_spielst_du_dein_instrument_schon_1771609773266\",\"label_pos\":\"above\",\"required\":1,\"default\":\"\",\"placeholder\":\"\",\"container_class\":\"\",\"element_class\":\"\",\"input_limit\":\"\",\"input_limit_type\":\"characters\",\"input_limit_msg\":\"verbleibende(s) Zeichen\",\"manual_key\":false,\"admin_label\":\"\",\"help_text\":\"\",\"mask\":\"\",\"custom_mask\":\"\",\"custom_name_attribute\":\"\",\"personally_identifiable\":\"\",\"custom_autocomplete\":\"\",\"value\":\"\",\"drawerDisabled\":false,\"id\":149,\"beforeField\":\"\",\"afterField\":\"\",\"parentType\":\"textbox\",\"element_templates\":[\"textbox\",\"input\"],\"old_classname\":\"\",\"wrap_template\":\"wrap\"},{\"objectType\":\"Field\",\"objectDomain\":\"fields\",\"editActive\":false,\"order\":9,\"idAttribute\":\"id\",\"label\":\"Gehst du aktuell in die Musikschule? Wenn ja, wo?\",\"type\":\"textbox\",\"key\":\"gehst_du_aktuell_in_die_musikschule_wenn_ja_wo_1771609797607\",\"label_pos\":\"above\",\"required\":0,\"default\":\"\",\"placeholder\":\"\",\"container_class\":\"\",\"element_class\":\"\",\"input_limit\":\"\",\"input_limit_type\":\"characters\",\"input_limit_msg\":\"verbleibende(s) Zeichen\",\"manual_key\":false,\"admin_label\":\"\",\"help_text\":\"\",\"mask\":\"\",\"custom_mask\":\"\",\"custom_name_attribute\":\"\",\"personally_identifiable\":\"\",\"custom_autocomplete\":\"\",\"value\":\"\",\"drawerDisabled\":false,\"id\":150,\"beforeField\":\"\",\"afterField\":\"\",\"parentType\":\"textbox\",\"element_templates\":[\"textbox\",\"input\"],\"old_classname\":\"\",\"wrap_template\":\"wrap\"},{\"objectType\":\"Field\",\"objectDomain\":\"fields\",\"editActive\":false,\"order\":10,\"idAttribute\":\"id\",\"label\":\"Absenden\",\"type\":\"submit\",\"processing_label\":\"Wird verarbeitet\",\"container_class\":\"\",\"element_class\":\"\",\"key\":\"submit_1771609809901\",\"admin_label\":\"\",\"id\":151,\"beforeField\":\"\",\"afterField\":\"\",\"value\":\"\",\"label_pos\":\"above\",\"parentType\":\"textbox\",\"element_templates\":[\"submit\",\"button\",\"input\"],\"old_classname\":\"\",\"wrap_template\":\"wrap-no-label\"}];nfForms.push(form);<\/script>\n        \n\n\n<div data-wp-interactive=\"core\/file\" class=\"wp-block-file\"><object data-wp-bind--hidden=\"!state.hasPdfPreview\" hidden class=\"wp-block-file__embed\" data=\"https:\/\/jugendchor-speuz.ch\/wp-content\/uploads\/2026\/03\/Flyer_Bandmembers-1.pdf\" type=\"application\/pdf\" style=\"width:100%;height:600px\" aria-label=\"Einbettung von Flyer_Bandmembers.\"><\/object><a id=\"wp-block-file--media-23d80ef9-d2e4-4e9d-b6d2-5f41af8669de\" href=\"https:\/\/jugendchor-speuz.ch\/wp-content\/uploads\/2026\/03\/Flyer_Bandmembers-1.pdf\">Flyer_Bandmembers<\/a><a href=\"https:\/\/jugendchor-speuz.ch\/wp-content\/uploads\/2026\/03\/Flyer_Bandmembers-1.pdf\" class=\"wp-block-file__button wp-element-button\" download aria-describedby=\"wp-block-file--media-23d80ef9-d2e4-4e9d-b6d2-5f41af8669de\">Herunterladen<\/a><\/div>\n","protected":false},"excerpt":{"rendered":"<p>Du spielst ein Instrument und hast Lust den Jugendchor Speuz musikalisch in einer Band zu begleiten? Dann lies unten weiter. Was ist die Chorband? Der Jugendchor Speuz ist schon seit einigen Jahren ein Safe-Space f\u00fcr Jugendliche, welche gerne zusammen singen und musizieren.Nun m\u00f6chten wir auch Jugendlichen, welche ein Instrument mit einer musikalischen Leidenschaft spielen, die &hellip; <\/p>\n<p class=\"link-more\"><a href=\"https:\/\/jugendchor-speuz.ch\/index.php\/the-jugendchor-speuz-chorband\/\" class=\"more-link\">Mehr <span class=\"screen-reader-text\">\u00fcber &#8222;Der Jugendchor Speuz sucht dich f\u00fcr unsere Chorband!&#8220; <\/span>Lesen<\/a><\/p>\n","protected":false},"author":1,"featured_media":0,"parent":0,"menu_order":0,"comment_status":"closed","ping_status":"closed","template":"","meta":{"inspiro_hide_title":false,"footnotes":""},"class_list":["post-7225","page","type-page","status-publish","hentry"],"_links":{"self":[{"href":"https:\/\/jugendchor-speuz.ch\/index.php\/wp-json\/wp\/v2\/pages\/7225","targetHints":{"allow":["GET"]}}],"collection":[{"href":"https:\/\/jugendchor-speuz.ch\/index.php\/wp-json\/wp\/v2\/pages"}],"about":[{"href":"https:\/\/jugendchor-speuz.ch\/index.php\/wp-json\/wp\/v2\/types\/page"}],"author":[{"embeddable":true,"href":"https:\/\/jugendchor-speuz.ch\/index.php\/wp-json\/wp\/v2\/users\/1"}],"replies":[{"embeddable":true,"href":"https:\/\/jugendchor-speuz.ch\/index.php\/wp-json\/wp\/v2\/comments?post=7225"}],"version-history":[{"count":9,"href":"https:\/\/jugendchor-speuz.ch\/index.php\/wp-json\/wp\/v2\/pages\/7225\/revisions"}],"predecessor-version":[{"id":7261,"href":"https:\/\/jugendchor-speuz.ch\/index.php\/wp-json\/wp\/v2\/pages\/7225\/revisions\/7261"}],"wp:attachment":[{"href":"https:\/\/jugendchor-speuz.ch\/index.php\/wp-json\/wp\/v2\/media?parent=7225"}],"curies":[{"name":"wp","href":"https:\/\/api.w.org\/{rel}","templated":true}]}}